{"id":4586,"date":"2024-08-07T08:45:31","date_gmt":"2024-08-07T08:45:31","guid":{"rendered":"https:\/\/add-rest.com\/product\/produkt-mockup-2\/"},"modified":"2025-01-27T15:35:38","modified_gmt":"2025-01-27T15:35:38","slug":"produkt-mockup-2","status":"publish","type":"product","link":"https:\/\/add-rest.com\/de\/produkt\/produkt-mockup-2\/","title":{"rendered":"Produkt-Mockup 2"},"content":{"rendered":"<div class=\"fe-block fe-block-93146e5249f5cbce4ccf\">\n<div id=\"block-93146e5249f5cbce4ccf\" class=\"sqs-block html-block sqs-block-html\" data-blend-mode=\"NORMAL\" data-block-type=\"2\" data-border-radii=\"{\"topLeft\":{\"unit\":\"px\",\"value\":0.0},\"topRight\":{\"unit\":\"px\",\"value\":0.0},\"bottomLeft\":{\"unit\":\"px\",\"value\":0.0},\"bottomRight\":{\"unit\":\"px\",\"value\":0.0}}\">\n<div class=\"sqs-block-content\">\n<div class=\"sqs-html-content\">\n<p class=\"preFade fadeIn\">Das Produkt ist eine elektrisch h\u00f6henverstellbare Bett-Schreibtisch-Kombination.<\/p>\n<p class=\"preFade fadeIn\">Die Antriebseinheiten (links &#8211; rechts) haben jeweils einen Getriebemotor, der mit einer Steuerung und einem Kippschalter verbunden ist.<\/p>\n<p class=\"preFade fadeIn\">Durch Dr\u00fccken und Halten des Schl\u00fcsselschalters und anschlie\u00dfendes Dr\u00fccken des Tippschalters an der Au\u00dfenseite der S\u00e4ule kann das Bett kontinuierlich zwischen den vorprogrammierten Endpunkten bewegt werden.<\/p>\n<p class=\"preFade fadeIn\">Beim Absenken fahren die Bettf\u00fc\u00dfe aus und die angebrachte Tischplatte bewegt sich auf den Boden. Beim Anheben wird die Tischplatte wieder in ihre vordefinierte Position gehoben. Die Bettf\u00fc\u00dfe klappen beim Erreichen des oberen Endpunkts ein.  <\/p>\n<p class=\"preFade fadeIn\">Das +Comfort Bett ist f\u00fcr den Betrieb mit 230V ausgelegt.<\/p>\n<p class=\"preFade fadeIn\">Die Endpunkte werden von professionellen Mitarbeitern mit einem Programmierger\u00e4t eingestellt, das nur ihnen zur Verf\u00fcgung steht.<\/p>\n<p class=\"preFade fadeIn\">Die Endpunkte k\u00f6nnen vom Benutzer nicht ge\u00e4ndert werden.<\/p>\n<p class=\"preFade fadeIn\"><strong>Material &amp; Zusammensetzung:<\/strong><\/p>\n<ul data-rte-list=\"default\">\n<li>\n<p class=\"preFade fadeIn\">Antriebseinheiten aus Aluminium und eloxiert f\u00fcr Korrosionsschutz<\/p>\n<\/li>\n<\/ul>\n<ul data-rte-list=\"default\">\n<li>\n<p class=\"preFade fadeIn\">Bettrahmen aus pulverbeschichtetem Aluminium<\/p>\n<\/li>\n<li>\n<p class=\"preFade fadeIn\">In Deutschland hergestellte mechanische Komponenten<\/p>\n<\/li>\n<li>\n<p class=\"preFade fadeIn\">Lattenrost mit Schulterkomfortzone und Latten aus hochwertigem Buchenholz<\/p>\n<\/li>\n<li>\n<p class=\"preFade fadeIn\">Verkleidungen aus Holzwerkstoffen<\/p>\n<\/li>\n<li>\n<p class=\"preFade fadeIn\">J\u00e4hrlicher Verbrauch f\u00fcr einen Zyklus pro Tag: 365 x 160 Watt x Fahrzeit 1 Min. = 0,97 kWh <\/p>\n<\/li>\n<\/ul>\n<\/div>\n<\/div>\n<\/div>\n<\/div>\n<div class=\"fe-block fe-block-8db0e586ac722c22c210\">\n<div id=\"block-8db0e586ac722c22c210\" class=\"sqs-block html-block sqs-block-html\" data-blend-mode=\"NORMAL\" data-block-type=\"2\" data-border-radii=\"{\"topLeft\":{\"unit\":\"px\",\"value\":0.0},\"topRight\":{\"unit\":\"px\",\"value\":0.0},\"bottomLeft\":{\"unit\":\"px\",\"value\":0.0},\"bottomRight\":{\"unit\":\"px\",\"value\":0.0}}\">\n<div class=\"sqs-block-content\">\n<div class=\"sqs-html-content\">\n<p class=\"preFade fadeIn\"><strong>Sicherheit<\/strong><\/p>\n<p class=\"preFade fadeIn\">Zur Sicherheit ist ein Schl\u00fcsselschalter mit Not-Aus-Funktion eingebaut, der die Stromzufuhr zur Steuerung sofort unterbricht, wenn der Schl\u00fcssel losgelassen wird, so dass das Hubbett sofort zum Stillstand kommt.<\/p>\n<p class=\"preFade fadeIn\">Wenn man die Unterbrechung der Stromzufuhr zur Steuerung mit dem Schl\u00fcssel aufhebt und die Taste f\u00fcr die Aufw\u00e4rts- oder Abw\u00e4rtsbewegung bet\u00e4tigt, kann das Hubbett wieder auf den referenzierten Endpunkt auf- oder abw\u00e4rts bewegt werden.<\/p>\n<\/div>\n<\/div>\n<\/div>\n<\/div>\n<div class=\"fe-block fe-block-39cba6b8ab1244869a6a\">\n<div id=\"block-39cba6b8ab1244869a6a\" class=\"sqs-block html-block sqs-block-html\" data-blend-mode=\"NORMAL\" data-block-type=\"2\" data-border-radii=\"{\"topLeft\":{\"unit\":\"px\",\"value\":0.0},\"topRight\":{\"unit\":\"px\",\"value\":0.0},\"bottomLeft\":{\"unit\":\"px\",\"value\":0.0},\"bottomRight\":{\"unit\":\"px\",\"value\":0.0}}\">\n<div class=\"sqs-block-content\">\n<div class=\"sqs-html-content\">\n<p class=\"preFade fadeIn\"><strong>Installationsh\u00f6he \/ Montage<\/strong><\/p>\n<p class=\"preFade fadeIn\">Das +Comfort Bett kann ab einer Raumh\u00f6he von 2.400 mm montiert werden.<\/p>\n<p class=\"preFade fadeIn\">Die Installation darf ausschlie\u00dflich von unserem geschulten Fachpersonal durchgef\u00fchrt werden.<\/p>\n<\/div>\n<\/div>\n<\/div>\n<\/div>\n","protected":false},"excerpt":{"rendered":"<p><strong>Gepr\u00fcft und zertifiziert vom T\u00dcV &#8211; Rheinland<\/strong><\/p>\n","protected":false},"featured_media":4127,"comment_status":"open","ping_status":"closed","template":"","meta":[],"product_cat":[91],"product_tag":[],"class_list":{"0":"post-4586","1":"product","2":"type-product","3":"status-publish","4":"has-post-thumbnail","6":"product_cat-uncategorized-de","8":"first","9":"instock","10":"shipping-taxable","11":"purchasable","12":"product-type-variable","13":"has-default-attributes"},"yoast_head":"<!-- This site is optimized with the Yoast SEO plugin v24.9 - https:\/\/yoast.com\/wordpress\/plugins\/seo\/ -->\n<title>Produkt-Mockup 2 - ADD Rest<\/title>\n<meta name=\"robots\" content=\"index, follow, max-snippet:-1, max-image-preview:large, max-video-preview:-1\" \/>\n<link rel=\"canonical\" href=\"https:\/\/add-rest.com\/de\/produkt\/produkt-mockup-2\/\" \/>\n<meta property=\"og:locale\" content=\"de_DE\" \/>\n<meta property=\"og:type\" content=\"article\" \/>\n<meta property=\"og:title\" content=\"Produkt-Mockup 2 - ADD Rest\" \/>\n<meta property=\"og:description\" content=\"Gepr\u00fcft und zertifiziert vom T\u00dcV - Rheinland\" \/>\n<meta property=\"og:url\" content=\"https:\/\/add-rest.com\/de\/produkt\/produkt-mockup-2\/\" \/>\n<meta property=\"og:site_name\" content=\"ADD Rest\" \/>\n<meta property=\"article:publisher\" content=\"https:\/\/www.facebook.com\/addrestconcept\/\" \/>\n<meta property=\"article:modified_time\" content=\"2025-01-27T15:35:38+00:00\" \/>\n<meta property=\"og:image\" content=\"https:\/\/add-rest.com\/wp-content\/uploads\/2024\/07\/d1e9bcf2-9514-41a1-afe6-10849467230f.jpeg\" \/>\n\t<meta property=\"og:image:width\" content=\"1600\" \/>\n\t<meta property=\"og:image:height\" content=\"1040\" \/>\n\t<meta property=\"og:image:type\" content=\"image\/jpeg\" \/>\n<meta name=\"twitter:card\" content=\"summary_large_image\" \/>\n<meta name=\"twitter:label1\" content=\"Gesch\u00e4tzte Lesezeit\" \/>\n\t<meta name=\"twitter:data1\" content=\"1\u00a0Minute\" \/>\n<script type=\"application\/ld+json\" class=\"yoast-schema-graph\">{\"@context\":\"https:\/\/schema.org\",\"@graph\":[{\"@type\":\"WebPage\",\"@id\":\"https:\/\/add-rest.com\/de\/produkt\/produkt-mockup-2\/\",\"url\":\"https:\/\/add-rest.com\/de\/produkt\/produkt-mockup-2\/\",\"name\":\"Produkt-Mockup 2 - ADD Rest\",\"isPartOf\":{\"@id\":\"https:\/\/add-rest.com\/#website\"},\"primaryImageOfPage\":{\"@id\":\"https:\/\/add-rest.com\/de\/produkt\/produkt-mockup-2\/#primaryimage\"},\"image\":{\"@id\":\"https:\/\/add-rest.com\/de\/produkt\/produkt-mockup-2\/#primaryimage\"},\"thumbnailUrl\":\"https:\/\/add-rest.com\/wp-content\/uploads\/2024\/07\/d1e9bcf2-9514-41a1-afe6-10849467230f.jpeg\",\"datePublished\":\"2024-08-07T08:45:31+00:00\",\"dateModified\":\"2025-01-27T15:35:38+00:00\",\"breadcrumb\":{\"@id\":\"https:\/\/add-rest.com\/de\/produkt\/produkt-mockup-2\/#breadcrumb\"},\"inLanguage\":\"de\",\"potentialAction\":[{\"@type\":\"ReadAction\",\"target\":[\"https:\/\/add-rest.com\/de\/produkt\/produkt-mockup-2\/\"]}]},{\"@type\":\"ImageObject\",\"inLanguage\":\"de\",\"@id\":\"https:\/\/add-rest.com\/de\/produkt\/produkt-mockup-2\/#primaryimage\",\"url\":\"https:\/\/add-rest.com\/wp-content\/uploads\/2024\/07\/d1e9bcf2-9514-41a1-afe6-10849467230f.jpeg\",\"contentUrl\":\"https:\/\/add-rest.com\/wp-content\/uploads\/2024\/07\/d1e9bcf2-9514-41a1-afe6-10849467230f.jpeg\",\"width\":1600,\"height\":1040},{\"@type\":\"BreadcrumbList\",\"@id\":\"https:\/\/add-rest.com\/de\/produkt\/produkt-mockup-2\/#breadcrumb\",\"itemListElement\":[{\"@type\":\"ListItem\",\"position\":1,\"name\":\"Home\",\"item\":\"https:\/\/add-rest.com\/de\/addrest-startseite\/\"},{\"@type\":\"ListItem\",\"position\":2,\"name\":\"Products\",\"item\":\"https:\/\/add-rest.com\/shop\/\"},{\"@type\":\"ListItem\",\"position\":3,\"name\":\"Produkt-Mockup 2\"}]},{\"@type\":\"WebSite\",\"@id\":\"https:\/\/add-rest.com\/#website\",\"url\":\"https:\/\/add-rest.com\/\",\"name\":\"ADD Rest\",\"description\":\"\",\"publisher\":{\"@id\":\"https:\/\/add-rest.com\/#organization\"},\"potentialAction\":[{\"@type\":\"SearchAction\",\"target\":{\"@type\":\"EntryPoint\",\"urlTemplate\":\"https:\/\/add-rest.com\/?s={search_term_string}\"},\"query-input\":{\"@type\":\"PropertyValueSpecification\",\"valueRequired\":true,\"valueName\":\"search_term_string\"}}],\"inLanguage\":\"de\"},{\"@type\":\"Organization\",\"@id\":\"https:\/\/add-rest.com\/#organization\",\"name\":\"ADD Rest\",\"url\":\"https:\/\/add-rest.com\/\",\"logo\":{\"@type\":\"ImageObject\",\"inLanguage\":\"de\",\"@id\":\"https:\/\/add-rest.com\/#\/schema\/logo\/image\/\",\"url\":\"https:\/\/add-rest.com\/wp-content\/uploads\/2024\/07\/LOGO-BLACK-whiteBG.png\",\"contentUrl\":\"https:\/\/add-rest.com\/wp-content\/uploads\/2024\/07\/LOGO-BLACK-whiteBG.png\",\"width\":554,\"height\":229,\"caption\":\"ADD Rest\"},\"image\":{\"@id\":\"https:\/\/add-rest.com\/#\/schema\/logo\/image\/\"},\"sameAs\":[\"https:\/\/www.facebook.com\/addrestconcept\/\",\"https:\/\/www.instagram.com\/addrestconcept\/\"]}]}<\/script>\n<!-- \/ Yoast SEO plugin. -->","yoast_head_json":{"title":"Produkt-Mockup 2 - ADD Rest","robots":{"index":"index","follow":"follow","max-snippet":"max-snippet:-1","max-image-preview":"max-image-preview:large","max-video-preview":"max-video-preview:-1"},"canonical":"https:\/\/add-rest.com\/de\/produkt\/produkt-mockup-2\/","og_locale":"de_DE","og_type":"article","og_title":"Produkt-Mockup 2 - ADD Rest","og_description":"Gepr\u00fcft und zertifiziert vom T\u00dcV - Rheinland","og_url":"https:\/\/add-rest.com\/de\/produkt\/produkt-mockup-2\/","og_site_name":"ADD Rest","article_publisher":"https:\/\/www.facebook.com\/addrestconcept\/","article_modified_time":"2025-01-27T15:35:38+00:00","og_image":[{"width":1600,"height":1040,"url":"https:\/\/add-rest.com\/wp-content\/uploads\/2024\/07\/d1e9bcf2-9514-41a1-afe6-10849467230f.jpeg","type":"image\/jpeg"}],"twitter_card":"summary_large_image","twitter_misc":{"Gesch\u00e4tzte Lesezeit":"1\u00a0Minute"},"schema":{"@context":"https:\/\/schema.org","@graph":[{"@type":"WebPage","@id":"https:\/\/add-rest.com\/de\/produkt\/produkt-mockup-2\/","url":"https:\/\/add-rest.com\/de\/produkt\/produkt-mockup-2\/","name":"Produkt-Mockup 2 - ADD Rest","isPartOf":{"@id":"https:\/\/add-rest.com\/#website"},"primaryImageOfPage":{"@id":"https:\/\/add-rest.com\/de\/produkt\/produkt-mockup-2\/#primaryimage"},"image":{"@id":"https:\/\/add-rest.com\/de\/produkt\/produkt-mockup-2\/#primaryimage"},"thumbnailUrl":"https:\/\/add-rest.com\/wp-content\/uploads\/2024\/07\/d1e9bcf2-9514-41a1-afe6-10849467230f.jpeg","datePublished":"2024-08-07T08:45:31+00:00","dateModified":"2025-01-27T15:35:38+00:00","breadcrumb":{"@id":"https:\/\/add-rest.com\/de\/produkt\/produkt-mockup-2\/#breadcrumb"},"inLanguage":"de","potentialAction":[{"@type":"ReadAction","target":["https:\/\/add-rest.com\/de\/produkt\/produkt-mockup-2\/"]}]},{"@type":"ImageObject","inLanguage":"de","@id":"https:\/\/add-rest.com\/de\/produkt\/produkt-mockup-2\/#primaryimage","url":"https:\/\/add-rest.com\/wp-content\/uploads\/2024\/07\/d1e9bcf2-9514-41a1-afe6-10849467230f.jpeg","contentUrl":"https:\/\/add-rest.com\/wp-content\/uploads\/2024\/07\/d1e9bcf2-9514-41a1-afe6-10849467230f.jpeg","width":1600,"height":1040},{"@type":"BreadcrumbList","@id":"https:\/\/add-rest.com\/de\/produkt\/produkt-mockup-2\/#breadcrumb","itemListElement":[{"@type":"ListItem","position":1,"name":"Home","item":"https:\/\/add-rest.com\/de\/addrest-startseite\/"},{"@type":"ListItem","position":2,"name":"Products","item":"https:\/\/add-rest.com\/shop\/"},{"@type":"ListItem","position":3,"name":"Produkt-Mockup 2"}]},{"@type":"WebSite","@id":"https:\/\/add-rest.com\/#website","url":"https:\/\/add-rest.com\/","name":"ADD Rest","description":"","publisher":{"@id":"https:\/\/add-rest.com\/#organization"},"potentialAction":[{"@type":"SearchAction","target":{"@type":"EntryPoint","urlTemplate":"https:\/\/add-rest.com\/?s={search_term_string}"},"query-input":{"@type":"PropertyValueSpecification","valueRequired":true,"valueName":"search_term_string"}}],"inLanguage":"de"},{"@type":"Organization","@id":"https:\/\/add-rest.com\/#organization","name":"ADD Rest","url":"https:\/\/add-rest.com\/","logo":{"@type":"ImageObject","inLanguage":"de","@id":"https:\/\/add-rest.com\/#\/schema\/logo\/image\/","url":"https:\/\/add-rest.com\/wp-content\/uploads\/2024\/07\/LOGO-BLACK-whiteBG.png","contentUrl":"https:\/\/add-rest.com\/wp-content\/uploads\/2024\/07\/LOGO-BLACK-whiteBG.png","width":554,"height":229,"caption":"ADD Rest"},"image":{"@id":"https:\/\/add-rest.com\/#\/schema\/logo\/image\/"},"sameAs":["https:\/\/www.facebook.com\/addrestconcept\/","https:\/\/www.instagram.com\/addrestconcept\/"]}]}},"_links":{"self":[{"href":"https:\/\/add-rest.com\/de\/wp-json\/wp\/v2\/product\/4586","targetHints":{"allow":["GET"]}}],"collection":[{"href":"https:\/\/add-rest.com\/de\/wp-json\/wp\/v2\/product"}],"about":[{"href":"https:\/\/add-rest.com\/de\/wp-json\/wp\/v2\/types\/product"}],"replies":[{"embeddable":true,"href":"https:\/\/add-rest.com\/de\/wp-json\/wp\/v2\/comments?post=4586"}],"wp:featuredmedia":[{"embeddable":true,"href":"https:\/\/add-rest.com\/de\/wp-json\/wp\/v2\/media\/4127"}],"wp:attachment":[{"href":"https:\/\/add-rest.com\/de\/wp-json\/wp\/v2\/media?parent=4586"}],"wp:term":[{"taxonomy":"product_cat","embeddable":true,"href":"https:\/\/add-rest.com\/de\/wp-json\/wp\/v2\/product_cat?post=4586"},{"taxonomy":"product_tag","embeddable":true,"href":"https:\/\/add-rest.com\/de\/wp-json\/wp\/v2\/product_tag?post=4586"}],"curies":[{"name":"wp","href":"https:\/\/api.w.org\/{rel}","templated":true}]}}