{"id":5764,"date":"2024-08-07T08:45:02","date_gmt":"2024-08-07T08:45:02","guid":{"rendered":"https:\/\/add-rest.com\/product\/maqueta-de-producto-2-2\/"},"modified":"2025-02-06T08:42:22","modified_gmt":"2025-02-06T08:42:22","slug":"maqueta-de-producto-2-2","status":"publish","type":"product","link":"https:\/\/add-rest.com\/es\/producto\/maqueta-de-producto-2-2\/","title":{"rendered":"Maqueta de producto 2"},"content":{"rendered":"<div class=\"fe-block fe-block-93146e5249f5cbce4ccf\">\n<div id=\"block-93146e5249f5cbce4ccf\" class=\"sqs-block html-block sqs-block-html\" data-blend-mode=\"NORMAL\" data-block-type=\"2\" data-border-radii=\"{\"topLeft\":{\"unit\":\"px\",\"value\":0.0},\"topRight\":{\"unit\":\"px\",\"value\":0.0},\"bottomLeft\":{\"unit\":\"px\",\"value\":0.0},\"bottomRight\":{\"unit\":\"px\",\"value\":0.0}}\">\n<div class=\"sqs-block-content\">\n<div class=\"sqs-html-content\">\n<p class=\"preFade fadeIn\">El producto es una combinaci\u00f3n de cama y escritorio de altura regulable el\u00e9ctricamente.<\/p>\n<p class=\"preFade fadeIn\">Las unidades de accionamiento (izquierda &#8211; derecha) tienen cada una un motorreductor conectado a un controlador y a un interruptor de punta.<\/p>\n<p class=\"preFade fadeIn\">Manteniendo pulsado el interruptor de llave y pulsando despu\u00e9s el interruptor de punta situado en el exterior de la columna, el lecho puede moverse continuamente entre los puntos finales preprogramados.<\/p>\n<p class=\"preFade fadeIn\">Al bajar, los pies de la cama se extienden y el tablero del escritorio acoplado se desplaza hacia el suelo. Al elevarlo, el tablero se levanta hasta su posici\u00f3n predefinida. Los pies de la cama se pliegan al alcanzar el punto final superior.  <\/p>\n<p class=\"preFade fadeIn\">La cama +Confort est\u00e1 dise\u00f1ada para funcionar a 230 V.<\/p>\n<p class=\"preFade fadeIn\">Los puntos finales son fijados por personal profesional mediante un dispositivo de programaci\u00f3n disponible s\u00f3lo para ellos.<\/p>\n<p class=\"preFade fadeIn\">Los puntos finales no pueden ser modificados por el usuario.<\/p>\n<p class=\"preFade fadeIn\"><strong>Material y composici\u00f3n:<\/strong><\/p>\n<ul data-rte-list=\"default\">\n<li>\n<p class=\"preFade fadeIn\">Unidades de accionamiento fabricadas en aluminio y anodizadas para protegerlas de la corrosi\u00f3n<\/p>\n<\/li>\n<\/ul>\n<ul data-rte-list=\"default\">\n<li>\n<p class=\"preFade fadeIn\">Armaz\u00f3n de la cama de aluminio con recubrimiento en polvo<\/p>\n<\/li>\n<li>\n<p class=\"preFade fadeIn\">Componentes mec\u00e1nicos fabricados en Alemania<\/p>\n<\/li>\n<li>\n<p class=\"preFade fadeIn\">Armaz\u00f3n de listones con zona de confort para los hombros y listones de madera de haya de alta calidad<\/p>\n<\/li>\n<li>\n<p class=\"preFade fadeIn\">Revestimientos de materiales derivados de la madera<\/p>\n<\/li>\n<li>\n<p class=\"preFade fadeIn\">Consumo anual para un ciclo al d\u00eda 365 x 160 vatios x tiempo de recorrido 1 min. = 0,97 kWh <\/p>\n<\/li>\n<\/ul>\n<\/div>\n<\/div>\n<\/div>\n<\/div>\n<div class=\"fe-block fe-block-8db0e586ac722c22c210\">\n<div id=\"block-8db0e586ac722c22c210\" class=\"sqs-block html-block sqs-block-html\" data-blend-mode=\"NORMAL\" data-block-type=\"2\" data-border-radii=\"{\"topLeft\":{\"unit\":\"px\",\"value\":0.0},\"topRight\":{\"unit\":\"px\",\"value\":0.0},\"bottomLeft\":{\"unit\":\"px\",\"value\":0.0},\"bottomRight\":{\"unit\":\"px\",\"value\":0.0}}\">\n<div class=\"sqs-block-content\">\n<div class=\"sqs-html-content\">\n<p class=\"preFade fadeIn\"><strong>Seguridad<\/strong><\/p>\n<p class=\"preFade fadeIn\">Para mayor seguridad, hay instalado un interruptor de llave con funci\u00f3n de parada de emergencia, que interrumpe inmediatamente el suministro de energ\u00eda al controlador cuando se suelta la llave, con lo que la cama elevadora se detiene de inmediato.<\/p>\n<p class=\"preFade fadeIn\">Si se desbloquea la interrupci\u00f3n del suministro el\u00e9ctrico al mando con la llave y se activa el bot\u00f3n de subida o bajada, la cama elevadora puede volver a subir o bajar hasta el punto final referenciado.<\/p>\n<\/div>\n<\/div>\n<\/div>\n<\/div>\n<div class=\"fe-block fe-block-39cba6b8ab1244869a6a\">\n<div id=\"block-39cba6b8ab1244869a6a\" class=\"sqs-block html-block sqs-block-html\" data-blend-mode=\"NORMAL\" data-block-type=\"2\" data-border-radii=\"{\"topLeft\":{\"unit\":\"px\",\"value\":0.0},\"topRight\":{\"unit\":\"px\",\"value\":0.0},\"bottomLeft\":{\"unit\":\"px\",\"value\":0.0},\"bottomRight\":{\"unit\":\"px\",\"value\":0.0}}\">\n<div class=\"sqs-block-content\">\n<div class=\"sqs-html-content\">\n<p class=\"preFade fadeIn\"><strong>Altura de instalaci\u00f3n \/ Montaje<\/strong><\/p>\n<p class=\"preFade fadeIn\">La Cama +Confort puede montarse a partir de una altura de habitaci\u00f3n de 2.400 mm.<\/p>\n<p class=\"preFade fadeIn\">La instalaci\u00f3n debe realizarla exclusivamente nuestro personal profesional formado.<\/p>\n<\/div>\n<\/div>\n<\/div>\n<\/div>\n","protected":false},"excerpt":{"rendered":"<p><strong>Probado y certificado por T\u00dcV &#8211; Renania<\/strong><\/p>\n","protected":false},"featured_media":5749,"comment_status":"open","ping_status":"closed","template":"","meta":[],"product_cat":[137],"product_tag":[],"class_list":{"0":"post-5764","1":"product","2":"type-product","3":"status-publish","4":"has-post-thumbnail","6":"product_cat-sin-categoria","8":"first","9":"instock","10":"shipping-taxable","11":"purchasable","12":"product-type-variable","13":"has-default-attributes"},"yoast_head":"<!-- This site is optimized with the Yoast SEO plugin v24.9 - https:\/\/yoast.com\/wordpress\/plugins\/seo\/ -->\n<title>Maqueta de producto 2 - ADD Rest<\/title>\n<meta name=\"robots\" content=\"index, follow, max-snippet:-1, max-image-preview:large, max-video-preview:-1\" \/>\n<link rel=\"canonical\" href=\"https:\/\/add-rest.com\/es\/producto\/maqueta-de-producto-2-2\/\" \/>\n<meta property=\"og:locale\" content=\"es_ES\" \/>\n<meta property=\"og:type\" content=\"article\" \/>\n<meta property=\"og:title\" content=\"Maqueta de producto 2 - ADD Rest\" \/>\n<meta property=\"og:description\" content=\"Probado y certificado por T\u00dcV - Renania\" \/>\n<meta property=\"og:url\" content=\"https:\/\/add-rest.com\/es\/producto\/maqueta-de-producto-2-2\/\" \/>\n<meta property=\"og:site_name\" content=\"ADD Rest\" \/>\n<meta property=\"article:publisher\" content=\"https:\/\/www.facebook.com\/addrestconcept\/\" \/>\n<meta property=\"article:modified_time\" content=\"2025-02-06T08:42:22+00:00\" \/>\n<meta property=\"og:image\" content=\"https:\/\/add-rest.com\/wp-content\/uploads\/2024\/07\/d1e9bcf2-9514-41a1-afe6-10849467230f.jpeg\" \/>\n\t<meta property=\"og:image:width\" content=\"1600\" \/>\n\t<meta property=\"og:image:height\" content=\"1040\" \/>\n\t<meta property=\"og:image:type\" content=\"image\/jpeg\" \/>\n<meta name=\"twitter:card\" content=\"summary_large_image\" \/>\n<meta name=\"twitter:label1\" content=\"Tiempo de lectura\" \/>\n\t<meta name=\"twitter:data1\" content=\"2 minutos\" \/>\n<script type=\"application\/ld+json\" class=\"yoast-schema-graph\">{\"@context\":\"https:\/\/schema.org\",\"@graph\":[{\"@type\":\"WebPage\",\"@id\":\"https:\/\/add-rest.com\/es\/producto\/maqueta-de-producto-2-2\/\",\"url\":\"https:\/\/add-rest.com\/es\/producto\/maqueta-de-producto-2-2\/\",\"name\":\"Maqueta de producto 2 - ADD Rest\",\"isPartOf\":{\"@id\":\"https:\/\/add-rest.com\/#website\"},\"primaryImageOfPage\":{\"@id\":\"https:\/\/add-rest.com\/es\/producto\/maqueta-de-producto-2-2\/#primaryimage\"},\"image\":{\"@id\":\"https:\/\/add-rest.com\/es\/producto\/maqueta-de-producto-2-2\/#primaryimage\"},\"thumbnailUrl\":\"https:\/\/add-rest.com\/wp-content\/uploads\/2024\/07\/d1e9bcf2-9514-41a1-afe6-10849467230f.jpeg\",\"datePublished\":\"2024-08-07T08:45:02+00:00\",\"dateModified\":\"2025-02-06T08:42:22+00:00\",\"breadcrumb\":{\"@id\":\"https:\/\/add-rest.com\/es\/producto\/maqueta-de-producto-2-2\/#breadcrumb\"},\"inLanguage\":\"es\",\"potentialAction\":[{\"@type\":\"ReadAction\",\"target\":[\"https:\/\/add-rest.com\/es\/producto\/maqueta-de-producto-2-2\/\"]}]},{\"@type\":\"ImageObject\",\"inLanguage\":\"es\",\"@id\":\"https:\/\/add-rest.com\/es\/producto\/maqueta-de-producto-2-2\/#primaryimage\",\"url\":\"https:\/\/add-rest.com\/wp-content\/uploads\/2024\/07\/d1e9bcf2-9514-41a1-afe6-10849467230f.jpeg\",\"contentUrl\":\"https:\/\/add-rest.com\/wp-content\/uploads\/2024\/07\/d1e9bcf2-9514-41a1-afe6-10849467230f.jpeg\",\"width\":1600,\"height\":1040},{\"@type\":\"BreadcrumbList\",\"@id\":\"https:\/\/add-rest.com\/es\/producto\/maqueta-de-producto-2-2\/#breadcrumb\",\"itemListElement\":[{\"@type\":\"ListItem\",\"position\":1,\"name\":\"Home\",\"item\":\"https:\/\/add-rest.com\/es\/inicio-addrest\/\"},{\"@type\":\"ListItem\",\"position\":2,\"name\":\"Products\",\"item\":\"https:\/\/add-rest.com\/shop\/\"},{\"@type\":\"ListItem\",\"position\":3,\"name\":\"Maqueta de producto 2\"}]},{\"@type\":\"WebSite\",\"@id\":\"https:\/\/add-rest.com\/#website\",\"url\":\"https:\/\/add-rest.com\/\",\"name\":\"ADD Rest\",\"description\":\"\",\"publisher\":{\"@id\":\"https:\/\/add-rest.com\/#organization\"},\"potentialAction\":[{\"@type\":\"SearchAction\",\"target\":{\"@type\":\"EntryPoint\",\"urlTemplate\":\"https:\/\/add-rest.com\/?s={search_term_string}\"},\"query-input\":{\"@type\":\"PropertyValueSpecification\",\"valueRequired\":true,\"valueName\":\"search_term_string\"}}],\"inLanguage\":\"es\"},{\"@type\":\"Organization\",\"@id\":\"https:\/\/add-rest.com\/#organization\",\"name\":\"ADD Rest\",\"url\":\"https:\/\/add-rest.com\/\",\"logo\":{\"@type\":\"ImageObject\",\"inLanguage\":\"es\",\"@id\":\"https:\/\/add-rest.com\/#\/schema\/logo\/image\/\",\"url\":\"https:\/\/add-rest.com\/wp-content\/uploads\/2024\/07\/LOGO-BLACK-whiteBG.png\",\"contentUrl\":\"https:\/\/add-rest.com\/wp-content\/uploads\/2024\/07\/LOGO-BLACK-whiteBG.png\",\"width\":554,\"height\":229,\"caption\":\"ADD Rest\"},\"image\":{\"@id\":\"https:\/\/add-rest.com\/#\/schema\/logo\/image\/\"},\"sameAs\":[\"https:\/\/www.facebook.com\/addrestconcept\/\",\"https:\/\/www.instagram.com\/addrestconcept\/\"]}]}<\/script>\n<!-- \/ Yoast SEO plugin. -->","yoast_head_json":{"title":"Maqueta de producto 2 - ADD Rest","robots":{"index":"index","follow":"follow","max-snippet":"max-snippet:-1","max-image-preview":"max-image-preview:large","max-video-preview":"max-video-preview:-1"},"canonical":"https:\/\/add-rest.com\/es\/producto\/maqueta-de-producto-2-2\/","og_locale":"es_ES","og_type":"article","og_title":"Maqueta de producto 2 - ADD Rest","og_description":"Probado y certificado por T\u00dcV - Renania","og_url":"https:\/\/add-rest.com\/es\/producto\/maqueta-de-producto-2-2\/","og_site_name":"ADD Rest","article_publisher":"https:\/\/www.facebook.com\/addrestconcept\/","article_modified_time":"2025-02-06T08:42:22+00:00","og_image":[{"width":1600,"height":1040,"url":"https:\/\/add-rest.com\/wp-content\/uploads\/2024\/07\/d1e9bcf2-9514-41a1-afe6-10849467230f.jpeg","type":"image\/jpeg"}],"twitter_card":"summary_large_image","twitter_misc":{"Tiempo de lectura":"2 minutos"},"schema":{"@context":"https:\/\/schema.org","@graph":[{"@type":"WebPage","@id":"https:\/\/add-rest.com\/es\/producto\/maqueta-de-producto-2-2\/","url":"https:\/\/add-rest.com\/es\/producto\/maqueta-de-producto-2-2\/","name":"Maqueta de producto 2 - ADD Rest","isPartOf":{"@id":"https:\/\/add-rest.com\/#website"},"primaryImageOfPage":{"@id":"https:\/\/add-rest.com\/es\/producto\/maqueta-de-producto-2-2\/#primaryimage"},"image":{"@id":"https:\/\/add-rest.com\/es\/producto\/maqueta-de-producto-2-2\/#primaryimage"},"thumbnailUrl":"https:\/\/add-rest.com\/wp-content\/uploads\/2024\/07\/d1e9bcf2-9514-41a1-afe6-10849467230f.jpeg","datePublished":"2024-08-07T08:45:02+00:00","dateModified":"2025-02-06T08:42:22+00:00","breadcrumb":{"@id":"https:\/\/add-rest.com\/es\/producto\/maqueta-de-producto-2-2\/#breadcrumb"},"inLanguage":"es","potentialAction":[{"@type":"ReadAction","target":["https:\/\/add-rest.com\/es\/producto\/maqueta-de-producto-2-2\/"]}]},{"@type":"ImageObject","inLanguage":"es","@id":"https:\/\/add-rest.com\/es\/producto\/maqueta-de-producto-2-2\/#primaryimage","url":"https:\/\/add-rest.com\/wp-content\/uploads\/2024\/07\/d1e9bcf2-9514-41a1-afe6-10849467230f.jpeg","contentUrl":"https:\/\/add-rest.com\/wp-content\/uploads\/2024\/07\/d1e9bcf2-9514-41a1-afe6-10849467230f.jpeg","width":1600,"height":1040},{"@type":"BreadcrumbList","@id":"https:\/\/add-rest.com\/es\/producto\/maqueta-de-producto-2-2\/#breadcrumb","itemListElement":[{"@type":"ListItem","position":1,"name":"Home","item":"https:\/\/add-rest.com\/es\/inicio-addrest\/"},{"@type":"ListItem","position":2,"name":"Products","item":"https:\/\/add-rest.com\/shop\/"},{"@type":"ListItem","position":3,"name":"Maqueta de producto 2"}]},{"@type":"WebSite","@id":"https:\/\/add-rest.com\/#website","url":"https:\/\/add-rest.com\/","name":"ADD Rest","description":"","publisher":{"@id":"https:\/\/add-rest.com\/#organization"},"potentialAction":[{"@type":"SearchAction","target":{"@type":"EntryPoint","urlTemplate":"https:\/\/add-rest.com\/?s={search_term_string}"},"query-input":{"@type":"PropertyValueSpecification","valueRequired":true,"valueName":"search_term_string"}}],"inLanguage":"es"},{"@type":"Organization","@id":"https:\/\/add-rest.com\/#organization","name":"ADD Rest","url":"https:\/\/add-rest.com\/","logo":{"@type":"ImageObject","inLanguage":"es","@id":"https:\/\/add-rest.com\/#\/schema\/logo\/image\/","url":"https:\/\/add-rest.com\/wp-content\/uploads\/2024\/07\/LOGO-BLACK-whiteBG.png","contentUrl":"https:\/\/add-rest.com\/wp-content\/uploads\/2024\/07\/LOGO-BLACK-whiteBG.png","width":554,"height":229,"caption":"ADD Rest"},"image":{"@id":"https:\/\/add-rest.com\/#\/schema\/logo\/image\/"},"sameAs":["https:\/\/www.facebook.com\/addrestconcept\/","https:\/\/www.instagram.com\/addrestconcept\/"]}]}},"_links":{"self":[{"href":"https:\/\/add-rest.com\/es\/wp-json\/wp\/v2\/product\/5764","targetHints":{"allow":["GET"]}}],"collection":[{"href":"https:\/\/add-rest.com\/es\/wp-json\/wp\/v2\/product"}],"about":[{"href":"https:\/\/add-rest.com\/es\/wp-json\/wp\/v2\/types\/product"}],"replies":[{"embeddable":true,"href":"https:\/\/add-rest.com\/es\/wp-json\/wp\/v2\/comments?post=5764"}],"wp:featuredmedia":[{"embeddable":true,"href":"https:\/\/add-rest.com\/es\/wp-json\/wp\/v2\/media\/5749"}],"wp:attachment":[{"href":"https:\/\/add-rest.com\/es\/wp-json\/wp\/v2\/media?parent=5764"}],"wp:term":[{"taxonomy":"product_cat","embeddable":true,"href":"https:\/\/add-rest.com\/es\/wp-json\/wp\/v2\/product_cat?post=5764"},{"taxonomy":"product_tag","embeddable":true,"href":"https:\/\/add-rest.com\/es\/wp-json\/wp\/v2\/product_tag?post=5764"}],"curies":[{"name":"wp","href":"https:\/\/api.w.org\/{rel}","templated":true}]}}