{"id":5770,"date":"2024-07-24T12:09:37","date_gmt":"2024-07-24T12:09:37","guid":{"rendered":"https:\/\/add-rest.com\/product\/maquette-de-produit\/"},"modified":"2025-02-06T08:42:23","modified_gmt":"2025-02-06T08:42:23","slug":"maquette-de-produit","status":"publish","type":"product","link":"https:\/\/add-rest.com\/fr\/produit\/maquette-de-produit\/","title":{"rendered":"Maquette de produit"},"content":{"rendered":"<div class=\"fe-block fe-block-93146e5249f5cbce4ccf\">\n<div id=\"block-93146e5249f5cbce4ccf\" class=\"sqs-block html-block sqs-block-html\" data-blend-mode=\"NORMAL\" data-block-type=\"2\" data-border-radii=\"{\"topLeft\":{\"unit\":\"px\",\"value\":0.0},\"topRight\":{\"unit\":\"px\",\"value\":0.0},\"bottomLeft\":{\"unit\":\"px\",\"value\":0.0},\"bottomRight\":{\"unit\":\"px\",\"value\":0.0}}\">\n<div class=\"sqs-block-content\">\n<div class=\"sqs-html-content\">\n<p class=\"preFade fadeIn\">Le produit est une combinaison lit-bureau r\u00e9glable en hauteur \u00e9lectriquement.<\/p>\n<p class=\"preFade fadeIn\">Les unit\u00e9s d&rsquo;entra\u00eenement (de gauche \u00e0 droite) comportent chacune un moteur \u00e0 engrenages reli\u00e9 \u00e0 un contr\u00f4leur et \u00e0 un commutateur de basculement.<\/p>\n<p class=\"preFade fadeIn\">En appuyant sur l&rsquo;interrupteur \u00e0 cl\u00e9 et en le maintenant enfonc\u00e9, puis en appuyant sur l&rsquo;interrupteur \u00e0 pointe situ\u00e9 \u00e0 l&rsquo;ext\u00e9rieur de la colonne, le lit peut \u00eatre d\u00e9plac\u00e9 en continu entre les points finaux pr\u00e9programm\u00e9s.<\/p>\n<p class=\"preFade fadeIn\">Lors de l&rsquo;abaissement, les pieds du lit se d\u00e9ploient et le plateau de bureau fix\u00e9 se d\u00e9place vers le sol. Lors de l&rsquo;\u00e9l\u00e9vation, le plateau de bureau est ramen\u00e9 \u00e0 sa position pr\u00e9d\u00e9finie. Les pieds du lit se replient lorsqu&rsquo;ils atteignent le point d&rsquo;extr\u00e9mit\u00e9 sup\u00e9rieur.  <\/p>\n<p class=\"preFade fadeIn\">Le lit +Comfort est con\u00e7u pour fonctionner \u00e0 230V.<\/p>\n<p class=\"preFade fadeIn\">Les points finaux sont r\u00e9gl\u00e9s par le personnel professionnel \u00e0 l&rsquo;aide d&rsquo;un dispositif de programmation dont il dispose uniquement.<\/p>\n<p class=\"preFade fadeIn\">Les points de terminaison ne peuvent pas \u00eatre modifi\u00e9s par l&rsquo;utilisateur.<\/p>\n<p class=\"preFade fadeIn\"><strong>Mati\u00e8re et composition :<\/strong><\/p>\n<ul data-rte-list=\"default\">\n<li>\n<p class=\"preFade fadeIn\">Unit\u00e9s d&rsquo;entra\u00eenement en aluminium anodis\u00e9 pour la protection contre la corrosion<\/p>\n<\/li>\n<\/ul>\n<ul data-rte-list=\"default\">\n<li>\n<p class=\"preFade fadeIn\">Cadre de lit en aluminium peint par poudrage<\/p>\n<\/li>\n<li>\n<p class=\"preFade fadeIn\">Composants m\u00e9caniques fabriqu\u00e9s en Allemagne<\/p>\n<\/li>\n<li>\n<p class=\"preFade fadeIn\">Cadre \u00e0 lattes avec zone de confort pour les \u00e9paules et lattes en bois de h\u00eatre de haute qualit\u00e9<\/p>\n<\/li>\n<li>\n<p class=\"preFade fadeIn\">Rev\u00eatements en mat\u00e9riaux \u00e0 base de bois<\/p>\n<\/li>\n<li>\n<p class=\"preFade fadeIn\">Consommation annuelle pour un cycle par jour : 365 x 160 Watts x temps de d\u00e9placement 1 min = 0,97 kWh <\/p>\n<\/li>\n<\/ul>\n<\/div>\n<\/div>\n<\/div>\n<\/div>\n<div class=\"fe-block fe-block-8db0e586ac722c22c210\">\n<div id=\"block-8db0e586ac722c22c210\" class=\"sqs-block html-block sqs-block-html\" data-blend-mode=\"NORMAL\" data-block-type=\"2\" data-border-radii=\"{\"topLeft\":{\"unit\":\"px\",\"value\":0.0},\"topRight\":{\"unit\":\"px\",\"value\":0.0},\"bottomLeft\":{\"unit\":\"px\",\"value\":0.0},\"bottomRight\":{\"unit\":\"px\",\"value\":0.0}}\">\n<div class=\"sqs-block-content\">\n<div class=\"sqs-html-content\">\n<p class=\"preFade fadeIn\"><strong>S\u00e9curit\u00e9<\/strong><\/p>\n<p class=\"preFade fadeIn\">Pour des raisons de s\u00e9curit\u00e9, un interrupteur \u00e0 cl\u00e9 dot\u00e9 d&rsquo;une fonction d&rsquo;arr\u00eat d&rsquo;urgence est install\u00e9. Lorsque la cl\u00e9 est rel\u00e2ch\u00e9e, l&rsquo;alimentation \u00e9lectrique de la commande est imm\u00e9diatement interrompue, ce qui entra\u00eene l&rsquo;arr\u00eat imm\u00e9diat du lit de levage.<\/p>\n<p class=\"preFade fadeIn\">Si l&rsquo;on d\u00e9bloque l&rsquo;interruption de l&rsquo;alimentation \u00e9lectrique du contr\u00f4leur \u00e0 l&rsquo;aide de la cl\u00e9 et que l&rsquo;on active le bouton pour le mouvement vers le haut ou vers le bas, le lit de levage peut \u00e0 nouveau \u00eatre d\u00e9plac\u00e9 vers le haut ou vers le bas jusqu&rsquo;au point de fin de course r\u00e9f\u00e9renc\u00e9.<\/p>\n<\/div>\n<\/div>\n<\/div>\n<\/div>\n<div class=\"fe-block fe-block-39cba6b8ab1244869a6a\">\n<div id=\"block-39cba6b8ab1244869a6a\" class=\"sqs-block html-block sqs-block-html\" data-blend-mode=\"NORMAL\" data-block-type=\"2\" data-border-radii=\"{\"topLeft\":{\"unit\":\"px\",\"value\":0.0},\"topRight\":{\"unit\":\"px\",\"value\":0.0},\"bottomLeft\":{\"unit\":\"px\",\"value\":0.0},\"bottomRight\":{\"unit\":\"px\",\"value\":0.0}}\">\n<div class=\"sqs-block-content\">\n<div class=\"sqs-html-content\">\n<p class=\"preFade fadeIn\"><strong>Hauteur d&rsquo;installation \/ Assemblage<\/strong><\/p>\n<p class=\"preFade fadeIn\">Le lit +Comfort peut \u00eatre mont\u00e9 \u00e0 partir d&rsquo;une hauteur de pi\u00e8ce de 2 400 mm.<\/p>\n<p class=\"preFade fadeIn\">L&rsquo;installation doit \u00eatre effectu\u00e9e exclusivement par notre personnel professionnel form\u00e9.<\/p>\n<\/div>\n<\/div>\n<\/div>\n<\/div>\n","protected":false},"excerpt":{"rendered":"<p><strong>Test\u00e9 et certifi\u00e9 par T\u00dcV &#8211; Rh\u00e9nanie<\/strong><\/p>\n","protected":false},"featured_media":5738,"comment_status":"open","ping_status":"closed","template":"","meta":[],"product_cat":[136],"product_tag":[],"class_list":{"0":"post-5770","1":"product","2":"type-product","3":"status-publish","4":"has-post-thumbnail","6":"product_cat-non-classe","8":"first","9":"instock","10":"shipping-taxable","11":"purchasable","12":"product-type-variable","13":"has-default-attributes"},"yoast_head":"<!-- This site is optimized with the Yoast SEO plugin v24.9 - https:\/\/yoast.com\/wordpress\/plugins\/seo\/ -->\n<title>Maquette de produit - ADD Rest<\/title>\n<meta name=\"robots\" content=\"index, follow, max-snippet:-1, max-image-preview:large, max-video-preview:-1\" \/>\n<link rel=\"canonical\" href=\"https:\/\/add-rest.com\/fr\/produit\/maquette-de-produit\/\" \/>\n<meta property=\"og:locale\" content=\"fr_FR\" \/>\n<meta property=\"og:type\" content=\"article\" \/>\n<meta property=\"og:title\" content=\"Maquette de produit - ADD Rest\" \/>\n<meta property=\"og:description\" content=\"Test\u00e9 et certifi\u00e9 par T\u00dcV - Rh\u00e9nanie\" \/>\n<meta property=\"og:url\" content=\"https:\/\/add-rest.com\/fr\/produit\/maquette-de-produit\/\" \/>\n<meta property=\"og:site_name\" content=\"ADD Rest\" \/>\n<meta property=\"article:publisher\" content=\"https:\/\/www.facebook.com\/addrestconcept\/\" \/>\n<meta property=\"article:modified_time\" content=\"2025-02-06T08:42:23+00:00\" \/>\n<meta property=\"og:image\" content=\"https:\/\/add-rest.com\/wp-content\/uploads\/2024\/07\/d1e9bcf2-9514-41a1-afe6-10849467230f.jpeg\" \/>\n\t<meta property=\"og:image:width\" content=\"1600\" \/>\n\t<meta property=\"og:image:height\" content=\"1040\" \/>\n\t<meta property=\"og:image:type\" content=\"image\/jpeg\" \/>\n<meta name=\"twitter:card\" content=\"summary_large_image\" \/>\n<meta name=\"twitter:label1\" content=\"Dur\u00e9e de lecture estim\u00e9e\" \/>\n\t<meta name=\"twitter:data1\" content=\"2 minutes\" \/>\n<script type=\"application\/ld+json\" class=\"yoast-schema-graph\">{\"@context\":\"https:\/\/schema.org\",\"@graph\":[{\"@type\":\"WebPage\",\"@id\":\"https:\/\/add-rest.com\/fr\/produit\/maquette-de-produit\/\",\"url\":\"https:\/\/add-rest.com\/fr\/produit\/maquette-de-produit\/\",\"name\":\"Maquette de produit - ADD Rest\",\"isPartOf\":{\"@id\":\"https:\/\/add-rest.com\/#website\"},\"primaryImageOfPage\":{\"@id\":\"https:\/\/add-rest.com\/fr\/produit\/maquette-de-produit\/#primaryimage\"},\"image\":{\"@id\":\"https:\/\/add-rest.com\/fr\/produit\/maquette-de-produit\/#primaryimage\"},\"thumbnailUrl\":\"https:\/\/add-rest.com\/wp-content\/uploads\/2024\/07\/d1e9bcf2-9514-41a1-afe6-10849467230f.jpeg\",\"datePublished\":\"2024-07-24T12:09:37+00:00\",\"dateModified\":\"2025-02-06T08:42:23+00:00\",\"breadcrumb\":{\"@id\":\"https:\/\/add-rest.com\/fr\/produit\/maquette-de-produit\/#breadcrumb\"},\"inLanguage\":\"fr-FR\",\"potentialAction\":[{\"@type\":\"ReadAction\",\"target\":[\"https:\/\/add-rest.com\/fr\/produit\/maquette-de-produit\/\"]}]},{\"@type\":\"ImageObject\",\"inLanguage\":\"fr-FR\",\"@id\":\"https:\/\/add-rest.com\/fr\/produit\/maquette-de-produit\/#primaryimage\",\"url\":\"https:\/\/add-rest.com\/wp-content\/uploads\/2024\/07\/d1e9bcf2-9514-41a1-afe6-10849467230f.jpeg\",\"contentUrl\":\"https:\/\/add-rest.com\/wp-content\/uploads\/2024\/07\/d1e9bcf2-9514-41a1-afe6-10849467230f.jpeg\",\"width\":1600,\"height\":1040},{\"@type\":\"BreadcrumbList\",\"@id\":\"https:\/\/add-rest.com\/fr\/produit\/maquette-de-produit\/#breadcrumb\",\"itemListElement\":[{\"@type\":\"ListItem\",\"position\":1,\"name\":\"Home\",\"item\":\"https:\/\/add-rest.com\/fr\/addrest-home\/\"},{\"@type\":\"ListItem\",\"position\":2,\"name\":\"Products\",\"item\":\"https:\/\/add-rest.com\/shop\/\"},{\"@type\":\"ListItem\",\"position\":3,\"name\":\"Maquette de produit\"}]},{\"@type\":\"WebSite\",\"@id\":\"https:\/\/add-rest.com\/#website\",\"url\":\"https:\/\/add-rest.com\/\",\"name\":\"ADD Rest\",\"description\":\"\",\"publisher\":{\"@id\":\"https:\/\/add-rest.com\/#organization\"},\"potentialAction\":[{\"@type\":\"SearchAction\",\"target\":{\"@type\":\"EntryPoint\",\"urlTemplate\":\"https:\/\/add-rest.com\/?s={search_term_string}\"},\"query-input\":{\"@type\":\"PropertyValueSpecification\",\"valueRequired\":true,\"valueName\":\"search_term_string\"}}],\"inLanguage\":\"fr-FR\"},{\"@type\":\"Organization\",\"@id\":\"https:\/\/add-rest.com\/#organization\",\"name\":\"ADD Rest\",\"url\":\"https:\/\/add-rest.com\/\",\"logo\":{\"@type\":\"ImageObject\",\"inLanguage\":\"fr-FR\",\"@id\":\"https:\/\/add-rest.com\/#\/schema\/logo\/image\/\",\"url\":\"https:\/\/add-rest.com\/wp-content\/uploads\/2024\/07\/LOGO-BLACK-whiteBG.png\",\"contentUrl\":\"https:\/\/add-rest.com\/wp-content\/uploads\/2024\/07\/LOGO-BLACK-whiteBG.png\",\"width\":554,\"height\":229,\"caption\":\"ADD Rest\"},\"image\":{\"@id\":\"https:\/\/add-rest.com\/#\/schema\/logo\/image\/\"},\"sameAs\":[\"https:\/\/www.facebook.com\/addrestconcept\/\",\"https:\/\/www.instagram.com\/addrestconcept\/\"]}]}<\/script>\n<!-- \/ Yoast SEO plugin. -->","yoast_head_json":{"title":"Maquette de produit - ADD Rest","robots":{"index":"index","follow":"follow","max-snippet":"max-snippet:-1","max-image-preview":"max-image-preview:large","max-video-preview":"max-video-preview:-1"},"canonical":"https:\/\/add-rest.com\/fr\/produit\/maquette-de-produit\/","og_locale":"fr_FR","og_type":"article","og_title":"Maquette de produit - ADD Rest","og_description":"Test\u00e9 et certifi\u00e9 par T\u00dcV - Rh\u00e9nanie","og_url":"https:\/\/add-rest.com\/fr\/produit\/maquette-de-produit\/","og_site_name":"ADD Rest","article_publisher":"https:\/\/www.facebook.com\/addrestconcept\/","article_modified_time":"2025-02-06T08:42:23+00:00","og_image":[{"width":1600,"height":1040,"url":"https:\/\/add-rest.com\/wp-content\/uploads\/2024\/07\/d1e9bcf2-9514-41a1-afe6-10849467230f.jpeg","type":"image\/jpeg"}],"twitter_card":"summary_large_image","twitter_misc":{"Dur\u00e9e de lecture estim\u00e9e":"2 minutes"},"schema":{"@context":"https:\/\/schema.org","@graph":[{"@type":"WebPage","@id":"https:\/\/add-rest.com\/fr\/produit\/maquette-de-produit\/","url":"https:\/\/add-rest.com\/fr\/produit\/maquette-de-produit\/","name":"Maquette de produit - ADD Rest","isPartOf":{"@id":"https:\/\/add-rest.com\/#website"},"primaryImageOfPage":{"@id":"https:\/\/add-rest.com\/fr\/produit\/maquette-de-produit\/#primaryimage"},"image":{"@id":"https:\/\/add-rest.com\/fr\/produit\/maquette-de-produit\/#primaryimage"},"thumbnailUrl":"https:\/\/add-rest.com\/wp-content\/uploads\/2024\/07\/d1e9bcf2-9514-41a1-afe6-10849467230f.jpeg","datePublished":"2024-07-24T12:09:37+00:00","dateModified":"2025-02-06T08:42:23+00:00","breadcrumb":{"@id":"https:\/\/add-rest.com\/fr\/produit\/maquette-de-produit\/#breadcrumb"},"inLanguage":"fr-FR","potentialAction":[{"@type":"ReadAction","target":["https:\/\/add-rest.com\/fr\/produit\/maquette-de-produit\/"]}]},{"@type":"ImageObject","inLanguage":"fr-FR","@id":"https:\/\/add-rest.com\/fr\/produit\/maquette-de-produit\/#primaryimage","url":"https:\/\/add-rest.com\/wp-content\/uploads\/2024\/07\/d1e9bcf2-9514-41a1-afe6-10849467230f.jpeg","contentUrl":"https:\/\/add-rest.com\/wp-content\/uploads\/2024\/07\/d1e9bcf2-9514-41a1-afe6-10849467230f.jpeg","width":1600,"height":1040},{"@type":"BreadcrumbList","@id":"https:\/\/add-rest.com\/fr\/produit\/maquette-de-produit\/#breadcrumb","itemListElement":[{"@type":"ListItem","position":1,"name":"Home","item":"https:\/\/add-rest.com\/fr\/addrest-home\/"},{"@type":"ListItem","position":2,"name":"Products","item":"https:\/\/add-rest.com\/shop\/"},{"@type":"ListItem","position":3,"name":"Maquette de produit"}]},{"@type":"WebSite","@id":"https:\/\/add-rest.com\/#website","url":"https:\/\/add-rest.com\/","name":"ADD Rest","description":"","publisher":{"@id":"https:\/\/add-rest.com\/#organization"},"potentialAction":[{"@type":"SearchAction","target":{"@type":"EntryPoint","urlTemplate":"https:\/\/add-rest.com\/?s={search_term_string}"},"query-input":{"@type":"PropertyValueSpecification","valueRequired":true,"valueName":"search_term_string"}}],"inLanguage":"fr-FR"},{"@type":"Organization","@id":"https:\/\/add-rest.com\/#organization","name":"ADD Rest","url":"https:\/\/add-rest.com\/","logo":{"@type":"ImageObject","inLanguage":"fr-FR","@id":"https:\/\/add-rest.com\/#\/schema\/logo\/image\/","url":"https:\/\/add-rest.com\/wp-content\/uploads\/2024\/07\/LOGO-BLACK-whiteBG.png","contentUrl":"https:\/\/add-rest.com\/wp-content\/uploads\/2024\/07\/LOGO-BLACK-whiteBG.png","width":554,"height":229,"caption":"ADD Rest"},"image":{"@id":"https:\/\/add-rest.com\/#\/schema\/logo\/image\/"},"sameAs":["https:\/\/www.facebook.com\/addrestconcept\/","https:\/\/www.instagram.com\/addrestconcept\/"]}]}},"_links":{"self":[{"href":"https:\/\/add-rest.com\/fr\/wp-json\/wp\/v2\/product\/5770","targetHints":{"allow":["GET"]}}],"collection":[{"href":"https:\/\/add-rest.com\/fr\/wp-json\/wp\/v2\/product"}],"about":[{"href":"https:\/\/add-rest.com\/fr\/wp-json\/wp\/v2\/types\/product"}],"replies":[{"embeddable":true,"href":"https:\/\/add-rest.com\/fr\/wp-json\/wp\/v2\/comments?post=5770"}],"wp:featuredmedia":[{"embeddable":true,"href":"https:\/\/add-rest.com\/fr\/wp-json\/wp\/v2\/media\/5738"}],"wp:attachment":[{"href":"https:\/\/add-rest.com\/fr\/wp-json\/wp\/v2\/media?parent=5770"}],"wp:term":[{"taxonomy":"product_cat","embeddable":true,"href":"https:\/\/add-rest.com\/fr\/wp-json\/wp\/v2\/product_cat?post=5770"},{"taxonomy":"product_tag","embeddable":true,"href":"https:\/\/add-rest.com\/fr\/wp-json\/wp\/v2\/product_tag?post=5770"}],"curies":[{"name":"wp","href":"https:\/\/api.w.org\/{rel}","templated":true}]}}