{"id":11675,"date":"2026-01-27T13:47:48","date_gmt":"2026-01-27T13:47:48","guid":{"rendered":"https:\/\/add-rest.com\/termini-e-condizioni-di-utilizzo-del-sito-web\/"},"modified":"2026-01-28T13:33:34","modified_gmt":"2026-01-28T13:33:34","slug":"termini-e-condizioni-di-utilizzo-del-sito-web","status":"publish","type":"page","link":"https:\/\/add-rest.com\/it\/termini-e-condizioni-di-utilizzo-del-sito-web\/","title":{"rendered":"Termini e condizioni di utilizzo del sito web"},"content":{"rendered":"<h3>Ti invitiamo a leggere attentamente i presenti termini e condizioni (t&amp;c) prima di utilizzare il sito web.<br \/>\nTi invitiamo inoltre a leggere l&#8217;informativa sulla privacy e l&#8217;informativa sui cookie.<br \/>\nSe non sei d&#8217;accordo con i termini e le condizioni riportati in questo documento, ti invitiamo a non utilizzare pi\u00f9 il sito web.<\/h3>\n<h2><\/h2>\n<h2 class=\"_7c5e83lk _7c5e83nk _7c5e8317m ae1i9d0 ae1i9d2\">Limitazione di responsabilit\u00e0<\/h2>\n<p>L&#8217;intero contenuto di questo sito web \u00e8 fornito cos\u00ec com&#8217;\u00e8, senza alcuna garanzia, espressa o implicita, sul suo funzionamento.<\/p>\n<p>L&#8217;utilizzo di questo Sito web \u00e8 effettuato dagli Utenti che si assumono l&#8217;intero rischio derivante da tale utilizzo, senza che l&#8217;Operatore, i suoi dipendenti o collaboratori o qualsiasi persona coinvolta nella creazione, manutenzione, sviluppo o fornitura del Sito web possano essere ritenuti responsabili per danni diretti o indiretti di qualsiasi natura che possano risultare in relazione all&#8217;utilizzo di questo Sito web.<\/p>\n<p>L&#8217;Operatore e le persone sopra elencate non sono responsabili per eventuali danni causati da virus o altri programmi informatici che possono colpire il tuo computer o altri dispositivi elettronici in seguito all&#8217;accesso o all&#8217;utilizzo del Sito web o al download di qualsiasi materiale, informazione, testo, video o immagine audio dal Sito web.<\/p>\n<h2><\/h2>\n<h2><span class=\"HwtZe\" lang=\"en\"><span class=\"jCAhz ChMk0b\"><span class=\"ryNqvb\">1. Definizioni<\/span><\/span><\/span><\/h2>\n<p>Operatore &#8211; Questo sito web \u00e8 di propriet\u00e0 e gestito da ROOMINNOVATION DEVELOPMENT S.R.L., una persona giuridica rumena, con sede in Strada Egretei, Nr.14, Demisol Room 2, Ap.91, Brasov, contea di Brasov, Romania, registrata presso il Registro del Commercio con il numero. J08\/2249\/2017, con CUI RO38045174. <\/p>\n<p>Documento (T&amp;C) &#8211; I termini e le condizioni stabiliti in questo documento.<\/p>\n<p>Sito web &#8211; il sito <a href=\"https:\/\/add-rest.com\/\">https:\/\/add-rest.com\/.<\/a><\/p>\n<p>I siti web possono contenere link o riferimenti ad altri siti\/pagine web per il cui utilizzo si applicheranno i termini e le condizioni d&#8217;uso specificati nei rispettivi siti\/pagine; l&#8217;Operatore non \u00e8 responsabile e non si assume alcun obbligo per il contenuto dei rispettivi siti web.<\/p>\n<p>Utente &#8211; qualsiasi persona che utilizzi il Sito o i Servizi offerti attraverso il Sito.<\/p>\n<p>Contenuto &#8211; qualsiasi informazione presente sul Sito web o disponibile nel Servizio che pu\u00f2 essere visualizzata o a cui l&#8217;Utente pu\u00f2 accedere tramite apparecchiature elettroniche.<\/p>\n<p>Servizio &#8211; la capacit\u00e0 di un Utente di comunicare o trasmettere richieste per ottenere dati, informazioni o offerte allo scopo di acquistare un prodotto da Add Rest.<\/p>\n<h2><\/h2>\n<h2>2. Disposizioni generali<\/h2>\n<p>Il sito https:\/\/add-rest.com\/ \u00e8 gestito dall&#8217;Operatore, direttamente, o da collaboratori in nome e per conto dell&#8217;Operatore.<\/p>\n<p><a href=\"https:\/\/add-rest.com\/\">https:\/\/add-rest.com\/<\/a> \u00e8 un sito web che presenta e promuove i complessi residenziali Add Rest e facilita l&#8217;accesso alle informazioni sulla disponibilit\u00e0 e sulle possibilit\u00e0 di acquisto di un prodotto;<\/p>\n<p>Le informazioni presentate sono solo a scopo informativo; le condizioni esatte (incluso il prezzo) e le specifiche delle propriet\u00e0 saranno stabilite direttamente con i rappresentanti dell&#8217;Operatore.<\/p>\n<p>La visualizzazione degli appartamenti disponibili, cos\u00ec come le informazioni relative alla zona, alle caratteristiche costruttive, al prezzo o ad altri elementi corrispondenti, rappresenta una proposta rivolta a persone indeterminate e non un&#8217;offerta per concludere un contratto. Mostrando questi elementi, l&#8217;Operatore non esprime l&#8217;intenzione di obbligarsi se l&#8217;utente accetta la proposta. <\/p>\n<p>L&#8217;Operatore si riserva il diritto di aggiornare, modificare o sostituire qualsiasi parte dei presenti Termini e Condizioni pubblicando un&#8217;altra versione del documento.<\/p>\n<h2>3. Descrizione dei servizi<\/h2>\n<p>L&#8217;Utente ha la possibilit\u00e0 di richiedere informazioni o offerte attraverso il modulo di contatto o all&#8217;indirizzo e-mail office@add-rest.com. L&#8217;Utente che invia la richiesta \u00e8 tenuto a fornire informazioni complete e corrette. <\/p>\n<p>Dopo aver inviato la richiesta, l&#8217;Utente sar\u00e0 contattato da un rappresentante dell&#8217;Operatore, al fine di confermare la ricezione della richiesta e stabilire le condizioni di collaborazione.<\/p>\n<p>Non sono ammesse richieste contenenti messaggi che violino le disposizioni di legge o i buoni costumi attraverso il contenuto, la presentazione visiva o lo scopo prefissato, cos\u00ec come non \u00e8 ammessa la trasmissione di messaggi dal contenuto discriminatorio.<\/p>\n<p>Non sono ammesse richieste con contenuti illegali, immorali o non correlati al tema del sito.<\/p>\n<p>&nbsp;<\/p>\n<h2>4. Dati personali<\/h2>\n<p>I dati personali forniti direttamente dall&#8217;utente e quelli raccolti in seguito all&#8217;utilizzo del Sito web sono soggetti al trattamento da parte dell&#8217;Operatore e dei suoi rappresentanti.<\/p>\n<p>Puoi trovare maggiori informazioni sul trattamento dei dati personali nella sezione Privacy Policy.<\/p>\n<p>&nbsp;<\/p>\n<h2>5. Regole di utilizzo del sito web<\/h2>\n<p>L&#8217;Utente pu\u00f2 utilizzare il sito web esclusivamente per visionare e informarsi sulle offerte presentate e\/o per richiedere dati, informazioni o offerte ai fini dell&#8217;acquisto di un immobile.<\/p>\n<p>L&#8217;Utente pu\u00f2 scaricare e stampare i contenuti di questo sito web solo per uso personale, a condizione che rispetti le disposizioni relative al diritto d&#8217;autore e ai diritti di propriet\u00e0 intellettuale contenute nelle presenti CGC.<\/p>\n<p>\u00c8 vietato accedere al Sito o utilizzare i Servizi in modo da danneggiare, disabilitare, sovraccaricare, bloccare o compromettere qualsiasi server, rete connessa a qualsiasi server o altra apparecchiatura elettronica utilizzata in relazione al Sito.<\/p>\n<p>L&#8217;Operatore si riserva il diritto di limitare temporaneamente\/permanentemente l&#8217;accesso al sito web\/servizi qualora ritenga che le azioni dell&#8217;Utente violino le disposizioni del presente documento e possano causare danni o al fine di mantenere la sicurezza e l&#8217;integrit\u00e0 dei server\/implementare misure tecniche.<\/p>\n<p>&nbsp;<\/p>\n<h2 class=\"_7c5e83lk _7c5e83nk _7c5e8317m ae1i9d0 ae1i9d2\">6. Con\u021binutul website-ului<\/h2>\n<p>Il Sito e tutto ci\u00f2 che contiene, compresi, ma non solo, testi, immagini, dati, cataloghi, file audio\/video, loghi (genericamente chiamati contenuti) sono di propriet\u00e0 esclusiva dell&#8217;Operatore o di altre terze parti che ne detengono i diritti di propriet\u00e0 intellettuale.<\/p>\n<p>Il Sito e i contenuti sono protetti dalla Legge n. 8\/1996 sul diritto d&#8217;autore e sui diritti connessi, dalla Legge n. 84\/1998 sui marchi e le indicazioni geografiche e dalla Legge n. 129\/1992 sui disegni industriali.<\/p>\n<p>In assenza di un preventivo consenso scritto da parte dell&#8217;Operatore, qualsiasi copia, distribuzione, pubblicazione, visualizzazione, alterazione, modifica, riproduzione, concessione di una licenza d&#8217;uso, creazione di opere derivate, trasferimento, vendita o inclusione di qualsiasi contenuto in un contesto diverso da quello originariamente previsto dall&#8217;Operatore sar\u00e0 considerata una violazione dei Termini e Condizioni, nonch\u00e9 dei diritti di cui godono i titolari dei diritti di propriet\u00e0 intellettuale sul Contenuto.<\/p>\n<p>&nbsp;<\/p>\n<h2>7. Legislazione applicabile<\/h2>\n<p class=\"ae1i9d0 ae1i9d7\">Prezentul Document este guvernat de legea rom\u00e2n\u0103 \u00een vigoare. Orice diferent sau dezacord se va solu\u021biona pe cale amiabil\u0103, iar dac\u0103 rezolvarea pe care amiabil\u0103 nu va fi posibil\u0103, disputa va fi solu\u021bionat\u0103 de instan\u021bele judec\u0103tore\u0219ti competente din Rom\u00e2nia. <\/p>\n<p class=\"ae1i9d0 ae1i9d7\">Attualizzare: Gennaio 2026<\/p>\n","protected":false},"excerpt":{"rendered":"<p>Ti invitiamo a leggere attentamente i presenti termini e condizioni (t&amp;c) prima [&hellip;]<\/p>\n","protected":false},"author":1,"featured_media":0,"parent":0,"menu_order":0,"comment_status":"closed","ping_status":"closed","template":"","meta":{"footnotes":""},"class_list":["post-11675","page","type-page","status-publish","hentry"],"yoast_head":"<!-- This site is optimized with the Yoast SEO plugin v24.9 - https:\/\/yoast.com\/wordpress\/plugins\/seo\/ -->\n<title>Termini e condizioni di utilizzo del sito web - ADD Rest<\/title>\n<meta name=\"robots\" content=\"index, follow, max-snippet:-1, max-image-preview:large, max-video-preview:-1\" \/>\n<link rel=\"canonical\" href=\"https:\/\/add-rest.com\/it\/?page_id=11675\" \/>\n<meta property=\"og:locale\" content=\"it_IT\" \/>\n<meta property=\"og:type\" content=\"article\" \/>\n<meta property=\"og:title\" content=\"Termini e condizioni di utilizzo del sito web - ADD Rest\" \/>\n<meta property=\"og:description\" content=\"Ti invitiamo a leggere attentamente i presenti termini e condizioni (t&amp;c) prima [&hellip;]\" \/>\n<meta property=\"og:url\" content=\"https:\/\/add-rest.com\/it\/?page_id=11675\" \/>\n<meta property=\"og:site_name\" content=\"ADD Rest\" \/>\n<meta property=\"article:publisher\" content=\"https:\/\/www.facebook.com\/addrestconcept\/\" \/>\n<meta property=\"article:modified_time\" content=\"2026-01-28T13:33:34+00:00\" \/>\n<meta name=\"twitter:card\" content=\"summary_large_image\" \/>\n<meta name=\"twitter:label1\" content=\"Tempo di lettura stimato\" \/>\n\t<meta name=\"twitter:data1\" content=\"5 minuti\" \/>\n<script type=\"application\/ld+json\" class=\"yoast-schema-graph\">{\"@context\":\"https:\/\/schema.org\",\"@graph\":[{\"@type\":\"WebPage\",\"@id\":\"https:\/\/add-rest.com\/it\/?page_id=11675\",\"url\":\"https:\/\/add-rest.com\/it\/?page_id=11675\",\"name\":\"Termini e condizioni di utilizzo del sito web - ADD Rest\",\"isPartOf\":{\"@id\":\"https:\/\/add-rest.com\/#website\"},\"datePublished\":\"2026-01-27T13:47:48+00:00\",\"dateModified\":\"2026-01-28T13:33:34+00:00\",\"breadcrumb\":{\"@id\":\"https:\/\/add-rest.com\/it\/?page_id=11675#breadcrumb\"},\"inLanguage\":\"it-IT\",\"potentialAction\":[{\"@type\":\"ReadAction\",\"target\":[\"https:\/\/add-rest.com\/it\/?page_id=11675\"]}]},{\"@type\":\"BreadcrumbList\",\"@id\":\"https:\/\/add-rest.com\/it\/?page_id=11675#breadcrumb\",\"itemListElement\":[{\"@type\":\"ListItem\",\"position\":1,\"name\":\"Home\",\"item\":\"https:\/\/add-rest.com\/\"},{\"@type\":\"ListItem\",\"position\":2,\"name\":\"Termini e condizioni di utilizzo del sito web\"}]},{\"@type\":\"WebSite\",\"@id\":\"https:\/\/add-rest.com\/#website\",\"url\":\"https:\/\/add-rest.com\/\",\"name\":\"ADD Rest\",\"description\":\"\",\"publisher\":{\"@id\":\"https:\/\/add-rest.com\/#organization\"},\"potentialAction\":[{\"@type\":\"SearchAction\",\"target\":{\"@type\":\"EntryPoint\",\"urlTemplate\":\"https:\/\/add-rest.com\/?s={search_term_string}\"},\"query-input\":{\"@type\":\"PropertyValueSpecification\",\"valueRequired\":true,\"valueName\":\"search_term_string\"}}],\"inLanguage\":\"it-IT\"},{\"@type\":\"Organization\",\"@id\":\"https:\/\/add-rest.com\/#organization\",\"name\":\"ADD Rest\",\"url\":\"https:\/\/add-rest.com\/\",\"logo\":{\"@type\":\"ImageObject\",\"inLanguage\":\"it-IT\",\"@id\":\"https:\/\/add-rest.com\/#\/schema\/logo\/image\/\",\"url\":\"https:\/\/add-rest.com\/wp-content\/uploads\/2024\/07\/LOGO-BLACK-whiteBG.png\",\"contentUrl\":\"https:\/\/add-rest.com\/wp-content\/uploads\/2024\/07\/LOGO-BLACK-whiteBG.png\",\"width\":554,\"height\":229,\"caption\":\"ADD Rest\"},\"image\":{\"@id\":\"https:\/\/add-rest.com\/#\/schema\/logo\/image\/\"},\"sameAs\":[\"https:\/\/www.facebook.com\/addrestconcept\/\",\"https:\/\/www.instagram.com\/addrestconcept\/\"]}]}<\/script>\n<!-- \/ Yoast SEO plugin. -->","yoast_head_json":{"title":"Termini e condizioni di utilizzo del sito web - ADD Rest","robots":{"index":"index","follow":"follow","max-snippet":"max-snippet:-1","max-image-preview":"max-image-preview:large","max-video-preview":"max-video-preview:-1"},"canonical":"https:\/\/add-rest.com\/it\/?page_id=11675","og_locale":"it_IT","og_type":"article","og_title":"Termini e condizioni di utilizzo del sito web - ADD Rest","og_description":"Ti invitiamo a leggere attentamente i presenti termini e condizioni (t&amp;c) prima [&hellip;]","og_url":"https:\/\/add-rest.com\/it\/?page_id=11675","og_site_name":"ADD Rest","article_publisher":"https:\/\/www.facebook.com\/addrestconcept\/","article_modified_time":"2026-01-28T13:33:34+00:00","twitter_card":"summary_large_image","twitter_misc":{"Tempo di lettura stimato":"5 minuti"},"schema":{"@context":"https:\/\/schema.org","@graph":[{"@type":"WebPage","@id":"https:\/\/add-rest.com\/it\/?page_id=11675","url":"https:\/\/add-rest.com\/it\/?page_id=11675","name":"Termini e condizioni di utilizzo del sito web - ADD Rest","isPartOf":{"@id":"https:\/\/add-rest.com\/#website"},"datePublished":"2026-01-27T13:47:48+00:00","dateModified":"2026-01-28T13:33:34+00:00","breadcrumb":{"@id":"https:\/\/add-rest.com\/it\/?page_id=11675#breadcrumb"},"inLanguage":"it-IT","potentialAction":[{"@type":"ReadAction","target":["https:\/\/add-rest.com\/it\/?page_id=11675"]}]},{"@type":"BreadcrumbList","@id":"https:\/\/add-rest.com\/it\/?page_id=11675#breadcrumb","itemListElement":[{"@type":"ListItem","position":1,"name":"Home","item":"https:\/\/add-rest.com\/"},{"@type":"ListItem","position":2,"name":"Termini e condizioni di utilizzo del sito web"}]},{"@type":"WebSite","@id":"https:\/\/add-rest.com\/#website","url":"https:\/\/add-rest.com\/","name":"ADD Rest","description":"","publisher":{"@id":"https:\/\/add-rest.com\/#organization"},"potentialAction":[{"@type":"SearchAction","target":{"@type":"EntryPoint","urlTemplate":"https:\/\/add-rest.com\/?s={search_term_string}"},"query-input":{"@type":"PropertyValueSpecification","valueRequired":true,"valueName":"search_term_string"}}],"inLanguage":"it-IT"},{"@type":"Organization","@id":"https:\/\/add-rest.com\/#organization","name":"ADD Rest","url":"https:\/\/add-rest.com\/","logo":{"@type":"ImageObject","inLanguage":"it-IT","@id":"https:\/\/add-rest.com\/#\/schema\/logo\/image\/","url":"https:\/\/add-rest.com\/wp-content\/uploads\/2024\/07\/LOGO-BLACK-whiteBG.png","contentUrl":"https:\/\/add-rest.com\/wp-content\/uploads\/2024\/07\/LOGO-BLACK-whiteBG.png","width":554,"height":229,"caption":"ADD Rest"},"image":{"@id":"https:\/\/add-rest.com\/#\/schema\/logo\/image\/"},"sameAs":["https:\/\/www.facebook.com\/addrestconcept\/","https:\/\/www.instagram.com\/addrestconcept\/"]}]}},"_links":{"self":[{"href":"https:\/\/add-rest.com\/it\/wp-json\/wp\/v2\/pages\/11675","targetHints":{"allow":["GET"]}}],"collection":[{"href":"https:\/\/add-rest.com\/it\/wp-json\/wp\/v2\/pages"}],"about":[{"href":"https:\/\/add-rest.com\/it\/wp-json\/wp\/v2\/types\/page"}],"author":[{"embeddable":true,"href":"https:\/\/add-rest.com\/it\/wp-json\/wp\/v2\/users\/1"}],"replies":[{"embeddable":true,"href":"https:\/\/add-rest.com\/it\/wp-json\/wp\/v2\/comments?post=11675"}],"version-history":[{"count":1,"href":"https:\/\/add-rest.com\/it\/wp-json\/wp\/v2\/pages\/11675\/revisions"}],"predecessor-version":[{"id":11678,"href":"https:\/\/add-rest.com\/it\/wp-json\/wp\/v2\/pages\/11675\/revisions\/11678"}],"wp:attachment":[{"href":"https:\/\/add-rest.com\/it\/wp-json\/wp\/v2\/media?parent=11675"}],"curies":[{"name":"wp","href":"https:\/\/api.w.org\/{rel}","templated":true}]}}