{"id":5194,"date":"2024-08-07T08:45:31","date_gmt":"2024-08-07T08:45:31","guid":{"rendered":"https:\/\/add-rest.com\/product\/mockup-de-produs-2\/"},"modified":"2025-02-05T16:01:51","modified_gmt":"2025-02-05T16:01:51","slug":"mockup-de-produs-2","status":"publish","type":"product","link":"https:\/\/add-rest.com\/ro\/produs\/mockup-de-produs-2\/","title":{"rendered":"Mockup de produs 2"},"content":{"rendered":"<div class=\"fe-block fe-block-93146e5249f5cbce4ccf\">\n<div id=\"block-93146e5249f5cbce4ccf\" class=\"sqs-block html-block sqs-block-html\" data-blend-mode=\"NORMAL\" data-block-type=\"2\" data-border-radii=\"{\"topLeft\":{\"unit\":\"px\",\"value\":0.0},\"topRight\":{\"unit\":\"px\",\"value\":0.0},\"bottomLeft\":{\"unit\":\"px\",\"value\":0.0},\"bottomRight\":{\"unit\":\"px\",\"value\":0.0}}\">\n<div class=\"sqs-block-content\">\n<div class=\"sqs-html-content\">\n<p class=\"preFade fadeIn\">Produsul este o combina\u021bie de pat \u0219i birou cu \u00een\u0103l\u021bime reglabil\u0103 electric.<\/p>\n<p class=\"preFade fadeIn\">Unit\u0103\u021bile de ac\u021bionare (st\u00e2nga &#8211; dreapta) au fiecare un motor cu angrenaj conectat la un controler \u0219i la un comutator de v\u00e2rf.<\/p>\n<p class=\"preFade fadeIn\">Prin ap\u0103sarea \u0219i men\u021binerea ap\u0103sat\u0103 a comutatorului cu cheie \u0219i apoi prin ap\u0103sarea comutatorului cu v\u00e2rf de pe partea exterioar\u0103 a coloanei, patul poate fi deplasat continuu \u00eentre punctele finale preprogramate.<\/p>\n<p class=\"preFade fadeIn\">La cobor\u00e2re, picioarele patului se extind, iar blatul de birou ata\u0219at se deplaseaz\u0103 spre podea. La ridicare, biroul este ridicat \u00eenapoi \u00een pozi\u021bia sa predefinit\u0103. Picioarele patului se pliaz\u0103 \u00een interior la atingerea punctului final superior.  <\/p>\n<p class=\"preFade fadeIn\">Patul +Comfort este proiectat pentru a func\u021biona la 230V.<\/p>\n<p class=\"preFade fadeIn\">Punctele finale sunt setate de personalul profesionist cu ajutorul unui dispozitiv de programare disponibil numai pentru acesta.<\/p>\n<p class=\"preFade fadeIn\">Punctele finale nu pot fi modificate de c\u0103tre utilizator.<\/p>\n<p class=\"preFade fadeIn\"><strong>Material \u0219i compozi\u021bie:<\/strong><\/p>\n<ul data-rte-list=\"default\">\n<li>\n<p class=\"preFade fadeIn\">Unit\u0103\u021bi de ac\u021bionare realizate din aluminiu \u0219i anodizate pentru protec\u021bie \u00eempotriva coroziunii<\/p>\n<\/li>\n<\/ul>\n<ul data-rte-list=\"default\">\n<li>\n<p class=\"preFade fadeIn\">Cadru de pat fabricat din aluminiu acoperit cu pulbere<\/p>\n<\/li>\n<li>\n<p class=\"preFade fadeIn\">Componente mecanice fabricate \u00een Germania<\/p>\n<\/li>\n<li>\n<p class=\"preFade fadeIn\">Cadru cu lamele cu zon\u0103 de confort pentru umeri \u0219i lamele din lemn de fag de \u00eenalt\u0103 calitate<\/p>\n<\/li>\n<li>\n<p class=\"preFade fadeIn\">Plac\u0103ri realizate din materiale pe baz\u0103 de lemn<\/p>\n<\/li>\n<li>\n<p class=\"preFade fadeIn\">Consumul anual pentru un ciclu pe zi: 365 x 160 wa\u021bi x timp de deplasare 1 min. = 0,97 kWh <\/p>\n<\/li>\n<\/ul>\n<\/div>\n<\/div>\n<\/div>\n<\/div>\n<div class=\"fe-block fe-block-8db0e586ac722c22c210\">\n<div id=\"block-8db0e586ac722c22c210\" class=\"sqs-block html-block sqs-block-html\" data-blend-mode=\"NORMAL\" data-block-type=\"2\" data-border-radii=\"{\"topLeft\":{\"unit\":\"px\",\"value\":0.0},\"topRight\":{\"unit\":\"px\",\"value\":0.0},\"bottomLeft\":{\"unit\":\"px\",\"value\":0.0},\"bottomRight\":{\"unit\":\"px\",\"value\":0.0}}\">\n<div class=\"sqs-block-content\">\n<div class=\"sqs-html-content\">\n<p class=\"preFade fadeIn\"><strong>Siguran\u021ba<\/strong><\/p>\n<p class=\"preFade fadeIn\">Pentru siguran\u021b\u0103, este instalat un comutator cu cheie cu func\u021bie de oprire de urgen\u021b\u0103, care \u00eentrerupe imediat alimentarea cu energie a controlerului atunci c\u00e2nd este eliberat\u0103 cheia, oprind imediat patul de ridicare.<\/p>\n<p class=\"preFade fadeIn\">Dac\u0103 se deblocheaz\u0103 \u00eentreruperea aliment\u0103rii cu energie a controlerului cu ajutorul cheii \u0219i se activeaz\u0103 butonul pentru deplasarea \u00een sus sau \u00een jos, patul de ridicare poate fi deplasat din nou \u00een sus sau \u00een jos p\u00e2n\u0103 la punctul final de referin\u021b\u0103.<\/p>\n<\/div>\n<\/div>\n<\/div>\n<\/div>\n<div class=\"fe-block fe-block-39cba6b8ab1244869a6a\">\n<div id=\"block-39cba6b8ab1244869a6a\" class=\"sqs-block html-block sqs-block-html\" data-blend-mode=\"NORMAL\" data-block-type=\"2\" data-border-radii=\"{\"topLeft\":{\"unit\":\"px\",\"value\":0.0},\"topRight\":{\"unit\":\"px\",\"value\":0.0},\"bottomLeft\":{\"unit\":\"px\",\"value\":0.0},\"bottomRight\":{\"unit\":\"px\",\"value\":0.0}}\">\n<div class=\"sqs-block-content\">\n<div class=\"sqs-html-content\">\n<p class=\"preFade fadeIn\"><strong>\u00cen\u0103l\u021bimea de instalare \/ asamblare<\/strong><\/p>\n<p class=\"preFade fadeIn\">Patul +Comfort poate fi montat de la o \u00een\u0103l\u021bime a camerei \u00eencep\u00e2nd de la 2.400 mm.<\/p>\n<p class=\"preFade fadeIn\">Instalarea trebuie s\u0103 fie efectuat\u0103 exclusiv de c\u0103tre personalul nostru profesional instruit.<\/p>\n<\/div>\n<\/div>\n<\/div>\n<\/div>\n","protected":false},"excerpt":{"rendered":"<p><strong>Testat \u0219i certificat de T\u00dcV &#8211; Rhineland<\/strong><\/p>\n","protected":false},"featured_media":5198,"comment_status":"open","ping_status":"closed","template":"","meta":[],"product_cat":[115],"product_tag":[],"class_list":{"0":"post-5194","1":"product","2":"type-product","3":"status-publish","4":"has-post-thumbnail","6":"product_cat-fara-categorie","8":"first","9":"instock","10":"shipping-taxable","11":"purchasable","12":"product-type-variable","13":"has-default-attributes"},"yoast_head":"<!-- This site is optimized with the Yoast SEO plugin v24.9 - https:\/\/yoast.com\/wordpress\/plugins\/seo\/ -->\n<title>Mockup de produs 2 - ADD Rest<\/title>\n<meta name=\"robots\" content=\"index, follow, max-snippet:-1, max-image-preview:large, max-video-preview:-1\" \/>\n<link rel=\"canonical\" href=\"https:\/\/add-rest.com\/ro\/produs\/mockup-de-produs-2\/\" \/>\n<meta property=\"og:locale\" content=\"ro_RO\" \/>\n<meta property=\"og:type\" content=\"article\" \/>\n<meta property=\"og:title\" content=\"Mockup de produs 2 - ADD Rest\" \/>\n<meta property=\"og:description\" content=\"Testat \u0219i certificat de T\u00dcV - Rhineland\" \/>\n<meta property=\"og:url\" content=\"https:\/\/add-rest.com\/ro\/produs\/mockup-de-produs-2\/\" \/>\n<meta property=\"og:site_name\" content=\"ADD Rest\" \/>\n<meta property=\"article:publisher\" content=\"https:\/\/www.facebook.com\/addrestconcept\/\" \/>\n<meta property=\"article:modified_time\" content=\"2025-02-05T16:01:51+00:00\" \/>\n<meta property=\"og:image\" content=\"https:\/\/add-rest.com\/wp-content\/uploads\/2024\/07\/d1e9bcf2-9514-41a1-afe6-10849467230f.jpeg\" \/>\n\t<meta property=\"og:image:width\" content=\"1600\" \/>\n\t<meta property=\"og:image:height\" content=\"1040\" \/>\n\t<meta property=\"og:image:type\" content=\"image\/jpeg\" \/>\n<meta name=\"twitter:card\" content=\"summary_large_image\" \/>\n<meta name=\"twitter:label1\" content=\"Timp estimat pentru citire\" \/>\n\t<meta name=\"twitter:data1\" content=\"2 minute\" \/>\n<script type=\"application\/ld+json\" class=\"yoast-schema-graph\">{\"@context\":\"https:\/\/schema.org\",\"@graph\":[{\"@type\":\"WebPage\",\"@id\":\"https:\/\/add-rest.com\/ro\/produs\/mockup-de-produs-2\/\",\"url\":\"https:\/\/add-rest.com\/ro\/produs\/mockup-de-produs-2\/\",\"name\":\"Mockup de produs 2 - ADD Rest\",\"isPartOf\":{\"@id\":\"https:\/\/add-rest.com\/#website\"},\"primaryImageOfPage\":{\"@id\":\"https:\/\/add-rest.com\/ro\/produs\/mockup-de-produs-2\/#primaryimage\"},\"image\":{\"@id\":\"https:\/\/add-rest.com\/ro\/produs\/mockup-de-produs-2\/#primaryimage\"},\"thumbnailUrl\":\"https:\/\/add-rest.com\/wp-content\/uploads\/2024\/07\/d1e9bcf2-9514-41a1-afe6-10849467230f.jpeg\",\"datePublished\":\"2024-08-07T08:45:31+00:00\",\"dateModified\":\"2025-02-05T16:01:51+00:00\",\"breadcrumb\":{\"@id\":\"https:\/\/add-rest.com\/ro\/produs\/mockup-de-produs-2\/#breadcrumb\"},\"inLanguage\":\"ro-RO\",\"potentialAction\":[{\"@type\":\"ReadAction\",\"target\":[\"https:\/\/add-rest.com\/ro\/produs\/mockup-de-produs-2\/\"]}]},{\"@type\":\"ImageObject\",\"inLanguage\":\"ro-RO\",\"@id\":\"https:\/\/add-rest.com\/ro\/produs\/mockup-de-produs-2\/#primaryimage\",\"url\":\"https:\/\/add-rest.com\/wp-content\/uploads\/2024\/07\/d1e9bcf2-9514-41a1-afe6-10849467230f.jpeg\",\"contentUrl\":\"https:\/\/add-rest.com\/wp-content\/uploads\/2024\/07\/d1e9bcf2-9514-41a1-afe6-10849467230f.jpeg\",\"width\":1600,\"height\":1040},{\"@type\":\"BreadcrumbList\",\"@id\":\"https:\/\/add-rest.com\/ro\/produs\/mockup-de-produs-2\/#breadcrumb\",\"itemListElement\":[{\"@type\":\"ListItem\",\"position\":1,\"name\":\"Home\",\"item\":\"https:\/\/add-rest.com\/ro\/addrest-acasa\/\"},{\"@type\":\"ListItem\",\"position\":2,\"name\":\"Products\",\"item\":\"https:\/\/add-rest.com\/shop\/\"},{\"@type\":\"ListItem\",\"position\":3,\"name\":\"Mockup de produs 2\"}]},{\"@type\":\"WebSite\",\"@id\":\"https:\/\/add-rest.com\/#website\",\"url\":\"https:\/\/add-rest.com\/\",\"name\":\"ADD Rest\",\"description\":\"\",\"publisher\":{\"@id\":\"https:\/\/add-rest.com\/#organization\"},\"potentialAction\":[{\"@type\":\"SearchAction\",\"target\":{\"@type\":\"EntryPoint\",\"urlTemplate\":\"https:\/\/add-rest.com\/?s={search_term_string}\"},\"query-input\":{\"@type\":\"PropertyValueSpecification\",\"valueRequired\":true,\"valueName\":\"search_term_string\"}}],\"inLanguage\":\"ro-RO\"},{\"@type\":\"Organization\",\"@id\":\"https:\/\/add-rest.com\/#organization\",\"name\":\"ADD Rest\",\"url\":\"https:\/\/add-rest.com\/\",\"logo\":{\"@type\":\"ImageObject\",\"inLanguage\":\"ro-RO\",\"@id\":\"https:\/\/add-rest.com\/#\/schema\/logo\/image\/\",\"url\":\"https:\/\/add-rest.com\/wp-content\/uploads\/2024\/07\/LOGO-BLACK-whiteBG.png\",\"contentUrl\":\"https:\/\/add-rest.com\/wp-content\/uploads\/2024\/07\/LOGO-BLACK-whiteBG.png\",\"width\":554,\"height\":229,\"caption\":\"ADD Rest\"},\"image\":{\"@id\":\"https:\/\/add-rest.com\/#\/schema\/logo\/image\/\"},\"sameAs\":[\"https:\/\/www.facebook.com\/addrestconcept\/\",\"https:\/\/www.instagram.com\/addrestconcept\/\"]}]}<\/script>\n<!-- \/ Yoast SEO plugin. -->","yoast_head_json":{"title":"Mockup de produs 2 - ADD Rest","robots":{"index":"index","follow":"follow","max-snippet":"max-snippet:-1","max-image-preview":"max-image-preview:large","max-video-preview":"max-video-preview:-1"},"canonical":"https:\/\/add-rest.com\/ro\/produs\/mockup-de-produs-2\/","og_locale":"ro_RO","og_type":"article","og_title":"Mockup de produs 2 - ADD Rest","og_description":"Testat \u0219i certificat de T\u00dcV - Rhineland","og_url":"https:\/\/add-rest.com\/ro\/produs\/mockup-de-produs-2\/","og_site_name":"ADD Rest","article_publisher":"https:\/\/www.facebook.com\/addrestconcept\/","article_modified_time":"2025-02-05T16:01:51+00:00","og_image":[{"width":1600,"height":1040,"url":"https:\/\/add-rest.com\/wp-content\/uploads\/2024\/07\/d1e9bcf2-9514-41a1-afe6-10849467230f.jpeg","type":"image\/jpeg"}],"twitter_card":"summary_large_image","twitter_misc":{"Timp estimat pentru citire":"2 minute"},"schema":{"@context":"https:\/\/schema.org","@graph":[{"@type":"WebPage","@id":"https:\/\/add-rest.com\/ro\/produs\/mockup-de-produs-2\/","url":"https:\/\/add-rest.com\/ro\/produs\/mockup-de-produs-2\/","name":"Mockup de produs 2 - ADD Rest","isPartOf":{"@id":"https:\/\/add-rest.com\/#website"},"primaryImageOfPage":{"@id":"https:\/\/add-rest.com\/ro\/produs\/mockup-de-produs-2\/#primaryimage"},"image":{"@id":"https:\/\/add-rest.com\/ro\/produs\/mockup-de-produs-2\/#primaryimage"},"thumbnailUrl":"https:\/\/add-rest.com\/wp-content\/uploads\/2024\/07\/d1e9bcf2-9514-41a1-afe6-10849467230f.jpeg","datePublished":"2024-08-07T08:45:31+00:00","dateModified":"2025-02-05T16:01:51+00:00","breadcrumb":{"@id":"https:\/\/add-rest.com\/ro\/produs\/mockup-de-produs-2\/#breadcrumb"},"inLanguage":"ro-RO","potentialAction":[{"@type":"ReadAction","target":["https:\/\/add-rest.com\/ro\/produs\/mockup-de-produs-2\/"]}]},{"@type":"ImageObject","inLanguage":"ro-RO","@id":"https:\/\/add-rest.com\/ro\/produs\/mockup-de-produs-2\/#primaryimage","url":"https:\/\/add-rest.com\/wp-content\/uploads\/2024\/07\/d1e9bcf2-9514-41a1-afe6-10849467230f.jpeg","contentUrl":"https:\/\/add-rest.com\/wp-content\/uploads\/2024\/07\/d1e9bcf2-9514-41a1-afe6-10849467230f.jpeg","width":1600,"height":1040},{"@type":"BreadcrumbList","@id":"https:\/\/add-rest.com\/ro\/produs\/mockup-de-produs-2\/#breadcrumb","itemListElement":[{"@type":"ListItem","position":1,"name":"Home","item":"https:\/\/add-rest.com\/ro\/addrest-acasa\/"},{"@type":"ListItem","position":2,"name":"Products","item":"https:\/\/add-rest.com\/shop\/"},{"@type":"ListItem","position":3,"name":"Mockup de produs 2"}]},{"@type":"WebSite","@id":"https:\/\/add-rest.com\/#website","url":"https:\/\/add-rest.com\/","name":"ADD Rest","description":"","publisher":{"@id":"https:\/\/add-rest.com\/#organization"},"potentialAction":[{"@type":"SearchAction","target":{"@type":"EntryPoint","urlTemplate":"https:\/\/add-rest.com\/?s={search_term_string}"},"query-input":{"@type":"PropertyValueSpecification","valueRequired":true,"valueName":"search_term_string"}}],"inLanguage":"ro-RO"},{"@type":"Organization","@id":"https:\/\/add-rest.com\/#organization","name":"ADD Rest","url":"https:\/\/add-rest.com\/","logo":{"@type":"ImageObject","inLanguage":"ro-RO","@id":"https:\/\/add-rest.com\/#\/schema\/logo\/image\/","url":"https:\/\/add-rest.com\/wp-content\/uploads\/2024\/07\/LOGO-BLACK-whiteBG.png","contentUrl":"https:\/\/add-rest.com\/wp-content\/uploads\/2024\/07\/LOGO-BLACK-whiteBG.png","width":554,"height":229,"caption":"ADD Rest"},"image":{"@id":"https:\/\/add-rest.com\/#\/schema\/logo\/image\/"},"sameAs":["https:\/\/www.facebook.com\/addrestconcept\/","https:\/\/www.instagram.com\/addrestconcept\/"]}]}},"_links":{"self":[{"href":"https:\/\/add-rest.com\/ro\/wp-json\/wp\/v2\/product\/5194","targetHints":{"allow":["GET"]}}],"collection":[{"href":"https:\/\/add-rest.com\/ro\/wp-json\/wp\/v2\/product"}],"about":[{"href":"https:\/\/add-rest.com\/ro\/wp-json\/wp\/v2\/types\/product"}],"replies":[{"embeddable":true,"href":"https:\/\/add-rest.com\/ro\/wp-json\/wp\/v2\/comments?post=5194"}],"wp:featuredmedia":[{"embeddable":true,"href":"https:\/\/add-rest.com\/ro\/wp-json\/wp\/v2\/media\/5198"}],"wp:attachment":[{"href":"https:\/\/add-rest.com\/ro\/wp-json\/wp\/v2\/media?parent=5194"}],"wp:term":[{"taxonomy":"product_cat","embeddable":true,"href":"https:\/\/add-rest.com\/ro\/wp-json\/wp\/v2\/product_cat?post=5194"},{"taxonomy":"product_tag","embeddable":true,"href":"https:\/\/add-rest.com\/ro\/wp-json\/wp\/v2\/product_tag?post=5194"}],"curies":[{"name":"wp","href":"https:\/\/api.w.org\/{rel}","templated":true}]}}